{"id":396,"date":"2020-07-29T15:51:34","date_gmt":"2020-07-29T21:51:34","guid":{"rendered":"https:\/\/costamadero.com\/?page_id=396"},"modified":"2020-07-29T15:55:43","modified_gmt":"2020-07-29T21:55:43","slug":"promo","status":"publish","type":"page","link":"https:\/\/costamadero.com\/en\/promo\/","title":{"rendered":"Promo"},"content":{"rendered":"\t\t<div data-elementor-type=\"wp-page\" data-elementor-id=\"396\" class=\"elementor elementor-396\">\n\t\t\t\t\t\t<section class=\"elementor-section elementor-top-section elementor-element elementor-element-85b5258 elementor-section-boxed elementor-section-height-default elementor-section-height-default\" data-id=\"85b5258\" data-element_type=\"section\">\n\t\t\t\t\t\t<div class=\"elementor-container elementor-column-gap-default\">\n\t\t\t\t\t<div class=\"elementor-column elementor-col-100 elementor-top-column elementor-element elementor-element-f8675db\" data-id=\"f8675db\" data-element_type=\"column\">\n\t\t\t<div class=\"elementor-widget-wrap elementor-element-populated\">\n\t\t\t\t\t\t<div class=\"elementor-element elementor-element-6dd5b42 elementor-widget-divider--view-line elementor-widget elementor-widget-divider\" data-id=\"6dd5b42\" data-element_type=\"widget\" data-widget_type=\"divider.default\">\n\t\t\t\t<div class=\"elementor-widget-container\">\n\t\t\t\t\t<div class=\"elementor-divider\">\n\t\t\t<span class=\"elementor-divider-separator\">\n\t\t\t\t\t\t<\/span>\n\t\t<\/div>\n\t\t\t\t<\/div>\n\t\t\t\t<\/div>\n\t\t\t\t\t<\/div>\n\t\t<\/div>\n\t\t\t\t\t<\/div>\n\t\t<\/section>\n\t\t\t\t<section class=\"elementor-section elementor-top-section elementor-element elementor-element-37e019a elementor-section-boxed elementor-section-height-default elementor-section-height-default\" data-id=\"37e019a\" data-element_type=\"section\">\n\t\t\t\t\t\t<div class=\"elementor-container elementor-column-gap-default\">\n\t\t\t\t\t<div class=\"elementor-column elementor-col-50 elementor-top-column elementor-element elementor-element-e32f4fe\" data-id=\"e32f4fe\" data-element_type=\"column\">\n\t\t\t<div class=\"elementor-widget-wrap elementor-element-populated\">\n\t\t\t\t\t\t<div class=\"elementor-element elementor-element-3825c55 elementor-widget elementor-widget-heading\" data-id=\"3825c55\" data-element_type=\"widget\" data-widget_type=\"heading.default\">\n\t\t\t\t<div class=\"elementor-widget-container\">\n\t\t\t<h2 class=\"elementor-heading-title elementor-size-default\">A\u00f1ade aqu\u00ed tu texto de cabecera<\/h2>\t\t<\/div>\n\t\t\t\t<\/div>\n\t\t\t\t<div class=\"elementor-element elementor-element-03f594a elementor-widget elementor-widget-text-editor\" data-id=\"03f594a\" data-element_type=\"widget\" data-widget_type=\"text-editor.default\">\n\t\t\t\t<div class=\"elementor-widget-container\">\n\t\t\t\t\t\t\t<p>En esta proxima temporada navide\u00f1a, disfruta de nuestra gran promoci\u00f3n para fechas dicembrinas:<br \/><br \/><br \/>Habitacion doble queen: $2,000 Pesos Mexicanos<br \/><br \/>Habitacion doble queen: $2,000 Pesos Mexicanos<\/p>\t\t\t\t\t\t<\/div>\n\t\t\t\t<\/div>\n\t\t\t\t\t<\/div>\n\t\t<\/div>\n\t\t\t\t<div class=\"elementor-column elementor-col-50 elementor-top-column elementor-element elementor-element-a4041ee\" data-id=\"a4041ee\" data-element_type=\"column\">\n\t\t\t<div class=\"elementor-widget-wrap elementor-element-populated\">\n\t\t\t\t\t\t<div class=\"elementor-element elementor-element-14fb505 elementor-widget elementor-widget-image\" data-id=\"14fb505\" data-element_type=\"widget\" data-widget_type=\"image.default\">\n\t\t\t\t<div class=\"elementor-widget-container\">\n\t\t\t\t\t\t\t\t\t\t\t\t\t<img fetchpriority=\"high\" decoding=\"async\" width=\"400\" height=\"300\" src=\"https:\/\/costamadero.com\/wp-content\/uploads\/2020\/07\/thumb-cm07.jpg\" class=\"attachment-large size-large wp-image-71\" alt=\"\" srcset=\"https:\/\/costamadero.com\/wp-content\/uploads\/2020\/07\/thumb-cm07.jpg 400w, https:\/\/costamadero.com\/wp-content\/uploads\/2020\/07\/thumb-cm07-300x225.jpg 300w\" sizes=\"(max-width: 400px) 100vw, 400px\" \/>\t\t\t\t\t\t\t\t\t\t\t\t\t<\/div>\n\t\t\t\t<\/div>\n\t\t\t\t\t<\/div>\n\t\t<\/div>\n\t\t\t\t\t<\/div>\n\t\t<\/section>\n\t\t\t\t<\/div>\n\t\t","protected":false},"excerpt":{"rendered":"<p>A\u00f1ade aqu\u00ed tu texto de cabecera En esta proxima temporada navide\u00f1a, disfruta de nuestra gran promoci\u00f3n para fechas dicembrinas: Habitacion doble queen: $2,000 Pesos Mexicanos Habitacion doble queen: $2,000 Pesos Mexicanos<\/p>\n","protected":false},"author":1,"featured_media":67,"parent":0,"menu_order":0,"comment_status":"closed","ping_status":"closed","template":"elementor_header_footer","meta":{"om_disable_all_campaigns":false,"_mi_skip_tracking":false,"_mbp_gutenberg_autopost":false},"_links":{"self":[{"href":"https:\/\/costamadero.com\/en\/wp-json\/wp\/v2\/pages\/396"}],"collection":[{"href":"https:\/\/costamadero.com\/en\/wp-json\/wp\/v2\/pages"}],"about":[{"href":"https:\/\/costamadero.com\/en\/wp-json\/wp\/v2\/types\/page"}],"author":[{"embeddable":true,"href":"https:\/\/costamadero.com\/en\/wp-json\/wp\/v2\/users\/1"}],"replies":[{"embeddable":true,"href":"https:\/\/costamadero.com\/en\/wp-json\/wp\/v2\/comments?post=396"}],"version-history":[{"count":2,"href":"https:\/\/costamadero.com\/en\/wp-json\/wp\/v2\/pages\/396\/revisions"}],"predecessor-version":[{"id":398,"href":"https:\/\/costamadero.com\/en\/wp-json\/wp\/v2\/pages\/396\/revisions\/398"}],"wp:featuredmedia":[{"embeddable":true,"href":"https:\/\/costamadero.com\/en\/wp-json\/wp\/v2\/media\/67"}],"wp:attachment":[{"href":"https:\/\/costamadero.com\/en\/wp-json\/wp\/v2\/media?parent=396"}],"curies":[{"name":"wp","href":"https:\/\/api.w.org\/{rel}","templated":true}]}}