{"id":991,"date":"2024-02-21T19:42:17","date_gmt":"2024-02-22T01:42:17","guid":{"rendered":"https:\/\/costamadero.com\/?page_id=991"},"modified":"2024-03-04T09:08:00","modified_gmt":"2024-03-04T15:08:00","slug":"policies-for-extended-stay-reservations","status":"publish","type":"page","link":"https:\/\/costamadero.com\/es\/policies-for-extended-stay-reservations\/","title":{"rendered":"<strong>Pol\u00edticas de Reservaci\u00f3n y Cancelaci\u00f3n para estancias largas<\/strong>"},"content":{"rendered":"<div data-elementor-type=\"wp-page\" data-elementor-id=\"991\" class=\"elementor elementor-991\">\n\t\t\t\t\t\t<section class=\"elementor-section elementor-top-section elementor-element elementor-element-d89dede elementor-section-boxed elementor-section-height-default elementor-section-height-default\" data-id=\"d89dede\" data-element_type=\"section\">\n\t\t\t\t\t\t<div class=\"elementor-container elementor-column-gap-default\">\n\t\t\t\t\t<div class=\"elementor-column elementor-col-100 elementor-top-column elementor-element elementor-element-a2c79ef\" data-id=\"a2c79ef\" data-element_type=\"column\">\n\t\t\t<div class=\"elementor-widget-wrap elementor-element-populated\">\n\t\t\t\t\t\t<div class=\"elementor-element elementor-element-5857b04 elementor-widget elementor-widget-spacer\" data-id=\"5857b04\" data-element_type=\"widget\" data-widget_type=\"spacer.default\">\n\t\t\t\t<div class=\"elementor-widget-container\">\n\t\t\t\t\t<div class=\"elementor-spacer\">\n\t\t\t<div class=\"elementor-spacer-inner\"><\/div>\n\t\t<\/div>\n\t\t\t\t<\/div>\n\t\t\t\t<\/div>\n\t\t\t\t<div class=\"elementor-element elementor-element-8fbeece elementor-widget elementor-widget-spacer\" data-id=\"8fbeece\" data-element_type=\"widget\" data-widget_type=\"spacer.default\">\n\t\t\t\t<div class=\"elementor-widget-container\">\n\t\t\t\t\t<div class=\"elementor-spacer\">\n\t\t\t<div class=\"elementor-spacer-inner\"><\/div>\n\t\t<\/div>\n\t\t\t\t<\/div>\n\t\t\t\t<\/div>\n\t\t\t\t<div class=\"elementor-element elementor-element-2b0935f elementor-widget elementor-widget-heading\" data-id=\"2b0935f\" data-element_type=\"widget\" data-widget_type=\"heading.default\">\n\t\t\t\t<div class=\"elementor-widget-container\">\n\t\t\t<h2 class=\"elementor-heading-title elementor-size-default\">Pol\u00edticas de Reservaci\u00f3n y Cancelaci\u00f3n para estancias largas\n<\/h2>\t\t<\/div>\n\t\t\t\t<\/div>\n\t\t\t\t\t<\/div>\n\t\t<\/div>\n\t\t\t\t\t<\/div>\n\t\t<\/section>\n\t\t\t\t<section class=\"elementor-section elementor-top-section elementor-element elementor-element-c8cc00d elementor-section-boxed elementor-section-height-default elementor-section-height-default\" data-id=\"c8cc00d\" data-element_type=\"section\">\n\t\t\t\t\t\t<div class=\"elementor-container elementor-column-gap-default\">\n\t\t\t\t\t<div class=\"elementor-column elementor-col-100 elementor-top-column elementor-element elementor-element-2f1bf19\" data-id=\"2f1bf19\" data-element_type=\"column\">\n\t\t\t<div class=\"elementor-widget-wrap elementor-element-populated\">\n\t\t\t\t\t\t<div class=\"elementor-element elementor-element-866e5fd elementor-widget elementor-widget-text-editor\" data-id=\"866e5fd\" data-element_type=\"widget\" data-widget_type=\"text-editor.default\">\n\t\t\t\t<div class=\"elementor-widget-container\">\n\t\t\t\t\t\t\t<ol><li style=\"font-weight: 400;\" aria-level=\"1\"><h5><span style=\"font-weight: 400;\">It will be considered an extended stay if it&#8217;s for a period of 8 or more nights.<\/span><\/h5><\/li><li style=\"font-weight: 400;\" aria-level=\"1\"><h5><span style=\"font-weight: 400;\">We require a 30% deposit of your total to confirm your reservation.<\/span><\/h5><\/li><li style=\"font-weight: 400;\" aria-level=\"1\"><h5><span style=\"font-weight: 400;\">Interests generated by deposits or foreign exchange fees will be at you own expense.<\/span><\/h5><\/li><li style=\"font-weight: 400;\" aria-level=\"1\"><h5><span style=\"font-weight: 400;\">Children 6 years or older are countable toward the capacity of the villa\/room.<\/span><\/h5><\/li><li><h5><span style=\"font-weight: 400;\">An extra person is permitted per room with an additional cost of $400 per night. Two children under 6 years of age will be allowed at no extra cost, as long as there is NOT an extra person.<\/span><\/h5><\/li><li><h5><span style=\"font-weight: 400;\">Only one extra person has the access to say per room\/villa with an additional cost of $400 per night. wich should be declared in the check in process, after that entry will be allowed.<\/span><\/h5><\/li><li><h5><span style=\"font-weight: 400;\">CHECK IN hours are between 15:00-22:00 and CHECK OUT is 07:00-12:00. These hours may vary depending on the avaliablility at the time.<\/span><\/h5><\/li><li><h5><span style=\"font-weight: 400;\">Upon arrival you must pay off the balance of your stay.<\/span><\/h5><\/li><li><h5><span style=\"font-weight: 400;\">We are smoke-free hotel; it is prohibited to smoke anywhere on the property of the Resort.<\/span><\/h5><\/li><li><h5><span style=\"font-weight: 400;\">In the event of an early departure for reasons beyond Costa Madero Resort, no credit or refund of any kind will be granted.<\/span><\/h5><\/li><li><h5><span style=\"font-weight: 400;\">We are not responsible for damages caused by climatic situations or special events, such as fires, floods, natural disasters, epidemics, power failures; it will not be considered a breach on our part ando no claims will be accepted.<\/span><\/h5><\/li><li><h5><span style=\"font-weight: 400;\">For any reservation extension, the price per night agreed in the original reservation remains.<\/span><\/h5><\/li><li><h5><span style=\"font-weight: 400;\">Visit are allowed prior check in at the front desk. The access is limited to your room limits. This is for our and your safety. We must have accountability of the amount of people in the hotel.<\/span><\/h5><\/li><li><h5><span style=\"font-weight: 400;\">No pets are allowed; we apologize for the inconvenience.<\/span><\/h5><\/li><li><h5><span style=\"font-weight: 400;\">Once your reservation is done and you accept the reservation and cancellations policies, the personal information you share with us will be treated with total confidentiality and we will only use it internally in order to improve our services we provide to you.<\/span><\/h5><\/li><\/ol><ul><li style=\"list-style-type: none;\">\u00a0<\/li><\/ul>\t\t\t\t\t\t<\/div>\n\t\t\t\t<\/div>\n\t\t\t\t\t<\/div>\n\t\t<\/div>\n\t\t\t\t\t<\/div>\n\t\t<\/section>\n\t\t\t\t<section class=\"elementor-section elementor-top-section elementor-element elementor-element-6be2d96 elementor-section-boxed elementor-section-height-default elementor-section-height-default\" data-id=\"6be2d96\" data-element_type=\"section\">\n\t\t\t\t\t\t<div class=\"elementor-container elementor-column-gap-default\">\n\t\t\t\t\t<div class=\"elementor-column elementor-col-100 elementor-top-column elementor-element elementor-element-06213b3\" data-id=\"06213b3\" data-element_type=\"column\">\n\t\t\t<div class=\"elementor-widget-wrap elementor-element-populated\">\n\t\t\t\t\t\t<div class=\"elementor-element elementor-element-b5c1f8b elementor-widget elementor-widget-text-editor\" data-id=\"b5c1f8b\" data-element_type=\"widget\" data-widget_type=\"text-editor.default\">\n\t\t\t\t<div class=\"elementor-widget-container\">\n\t\t\t\t\t\t\t<p>Please note that these policies are subject to change without notice.<\/p>\t\t\t\t\t\t<\/div>\n\t\t\t\t<\/div>\n\t\t\t\t\t<\/div>\n\t\t<\/div>\n\t\t\t\t\t<\/div>\n\t\t<\/section>\n\t\t\t\t<section class=\"elementor-section elementor-top-section elementor-element elementor-element-9d2d2b8 elementor-section-boxed elementor-section-height-default elementor-section-height-default\" data-id=\"9d2d2b8\" data-element_type=\"section\">\n\t\t\t\t\t\t<div class=\"elementor-container elementor-column-gap-default\">\n\t\t\t\t\t<div class=\"elementor-column elementor-col-100 elementor-top-column elementor-element elementor-element-d1865ef\" data-id=\"d1865ef\" data-element_type=\"column\">\n\t\t\t<div class=\"elementor-widget-wrap elementor-element-populated\">\n\t\t\t\t\t\t<div class=\"elementor-element elementor-element-575b86a elementor-widget elementor-widget-heading\" data-id=\"575b86a\" data-element_type=\"widget\" data-widget_type=\"heading.default\">\n\t\t\t\t<div class=\"elementor-widget-container\">\n\t\t\t<h2 class=\"elementor-heading-title elementor-size-default\">POLICIES FOR EXTENDED STAY CANCELLATIONS<\/h2>\t\t<\/div>\n\t\t\t\t<\/div>\n\t\t\t\t\t<\/div>\n\t\t<\/div>\n\t\t\t\t\t<\/div>\n\t\t<\/section>\n\t\t\t\t<section class=\"elementor-section elementor-top-section elementor-element elementor-element-fee9b49 elementor-section-boxed elementor-section-height-default elementor-section-height-default\" data-id=\"fee9b49\" data-element_type=\"section\">\n\t\t\t\t\t\t<div class=\"elementor-container elementor-column-gap-default\">\n\t\t\t\t\t<div class=\"elementor-column elementor-col-100 elementor-top-column elementor-element elementor-element-4cfb0dc\" data-id=\"4cfb0dc\" data-element_type=\"column\">\n\t\t\t<div class=\"elementor-widget-wrap elementor-element-populated\">\n\t\t\t\t\t\t<div class=\"elementor-element elementor-element-e189085 elementor-widget elementor-widget-text-editor\" data-id=\"e189085\" data-element_type=\"widget\" data-widget_type=\"text-editor.default\">\n\t\t\t\t<div class=\"elementor-widget-container\">\n\t\t\t\t\t\t\t<ol><li><h5><span style=\"font-weight: 400;\">Cancellations made more that 60 days before arrival at the hotel will recive a refund of 70% of the total.<\/span><\/h5><\/li><li><h5><span style=\"font-weight: 400;\">Cancellations made between 59 and or 31 days before arrival to the hotel will recive a refund of 50% of the total.<\/span><\/h5><\/li><li><h5><span style=\"font-weight: 400;\">Cancellations made less that 30 days before your arrival to the hotel will not have a refund and changes to the reserved dates will not be allowed.<\/span><\/h5><\/li><li><h5><span style=\"font-weight: 400;\">The fees that are generated by the reimbursement credits will be at your own expense.<\/span><\/h5><\/li><li><h5><span style=\"font-weight: 400;\">For changes made to your reservation:<\/span><\/h5><ul><li><h5><span style=\"font-weight: 400;\">Any change must be requested in writing via email or Whatsapp and will be subject to avaliability.<\/span><\/h5><\/li><li><h5><span style=\"font-weight: 400;\">These must be requested at least 31 days before your reservation.<\/span><\/h5><\/li><li><h5><span style=\"font-weight: 400;\">You will have one year to visit us using the date of your original reservation as a reference.<\/span><\/h5><\/li><li><h5><span style=\"font-weight: 400;\">It is only possible to make one change of dates in your reservation, after that no refund will be made.<\/span><\/h5><\/li><li><h5><span style=\"font-weight: 400;\">Any change is subject to the availability of the Resort, respecting the rates of the season (low, medium, high).<\/span><\/h5><\/li><li><h5><span style=\"font-weight: 400;\">The Reservation must be kept equal or greater than the number of nights of the original reservation, otherwise there will be a penalty to the canceled nights.<\/span><\/h5><\/li><\/ul><\/li><li><h5><span style=\"font-weight: 400;\">You can make additional changes if you were affected by your flight, it could be modified by moving it forward or postponed to a maximum of 3 nights as long as the same number of reserved nights is mauntained, these changes are subject to avaliability, we understand that planning a trip a year in advance can be very complicated.<\/span><\/h5><\/li><li><h5><span style=\"font-weight: 400;\">In case of a cancellation as described in paragraph 5 or not showing up for your reservation, will be lost, the amount deposited will not be refundable and credits will not be granted.<\/span><\/h5><\/li><li><h5><span style=\"font-weight: 400;\">In the event of an early departure for any reasons beyond Costa Madero Resort, no credit or refund of any kind will be granted.<\/span><\/h5><\/li><li><h5><span style=\"font-weight: 400;\">For any earlier departures, the room cannot be occypied by people other than the reservation holders, subletting is ctrictly prohibited.<\/span><\/h5><\/li><li><h5><span style=\"font-weight: 400;\">No refund will be made nor will any type of credit be issued for causes beyond the control of Costa Madero Resorts, such as climatic situations or special eventualities, such as fires, floods, natural disasters, epidemics and power failures, it will not be considered a default on our part and no claims will be accepted.<\/span><\/h5><\/li><\/ol>\t\t\t\t\t\t<\/div>\n\t\t\t\t<\/div>\n\t\t\t\t\t<\/div>\n\t\t<\/div>\n\t\t\t\t\t<\/div>\n\t\t<\/section>\n\t\t\t\t<\/div>","protected":false},"excerpt":{"rendered":"<p>Policies for Extended Stay Reservations It will be considered an extended stay if it&#8217;s for a period of 8 or more nights. We require a 30% deposit of your total to confirm your reservation. Interests generated by deposits or foreign exchange fees will be at you own expense. Children 6 years or older are countable [&hellip;]<\/p>","protected":false},"author":1,"featured_media":0,"parent":0,"menu_order":0,"comment_status":"closed","ping_status":"closed","template":"elementor_header_footer","meta":{"om_disable_all_campaigns":false,"_mi_skip_tracking":false,"_mbp_gutenberg_autopost":false},"_links":{"self":[{"href":"https:\/\/costamadero.com\/es\/wp-json\/wp\/v2\/pages\/991"}],"collection":[{"href":"https:\/\/costamadero.com\/es\/wp-json\/wp\/v2\/pages"}],"about":[{"href":"https:\/\/costamadero.com\/es\/wp-json\/wp\/v2\/types\/page"}],"author":[{"embeddable":true,"href":"https:\/\/costamadero.com\/es\/wp-json\/wp\/v2\/users\/1"}],"replies":[{"embeddable":true,"href":"https:\/\/costamadero.com\/es\/wp-json\/wp\/v2\/comments?post=991"}],"version-history":[{"count":11,"href":"https:\/\/costamadero.com\/es\/wp-json\/wp\/v2\/pages\/991\/revisions"}],"predecessor-version":[{"id":1013,"href":"https:\/\/costamadero.com\/es\/wp-json\/wp\/v2\/pages\/991\/revisions\/1013"}],"wp:attachment":[{"href":"https:\/\/costamadero.com\/es\/wp-json\/wp\/v2\/media?parent=991"}],"curies":[{"name":"wp","href":"https:\/\/api.w.org\/{rel}","templated":true}]}}